{"id":880,"date":"2012-05-02T01:58:03","date_gmt":"2012-05-02T01:58:03","guid":{"rendered":"http:\/\/www.laposadadelosgnomos.com.ar\/laposada\/?page_id=880"},"modified":"2012-06-14T19:02:08","modified_gmt":"2012-06-14T19:02:08","slug":"martina-resto-bar","status":"publish","type":"page","link":"http:\/\/www.laposadadelosgnomos.com.ar\/laposada\/martina-resto-bar\/","title":{"rendered":"Martina Resto Bar"},"content":{"rendered":"<p><a href=\"http:\/\/www.laposadadelosgnomos.com.ar\/laposada\/?attachment_id=881\" rel=\"attachment wp-att-881\"><img loading=\"lazy\" decoding=\"async\" class=\"alignnone size-full wp-image-881\" title=\"martina\" src=\"http:\/\/www.laposadadelosgnomos.com.ar\/laposada\/wp-content\/uploads\/2012\/05\/martina.jpg\" alt=\"\" width=\"700\" height=\"300\" srcset=\"http:\/\/www.laposadadelosgnomos.com.ar\/laposada\/wp-content\/uploads\/2012\/05\/martina.jpg 700w, http:\/\/www.laposadadelosgnomos.com.ar\/laposada\/wp-content\/uploads\/2012\/05\/martina-300x128.jpg 300w\" sizes=\"(max-width: 700px) 100vw, 700px\" \/><\/a><\/p>\n<p>Contamos con \u00abMartina Resto Bar\u00bb, un amplio y\u00a0c\u00f3modo\u00a0lugar donde usted podr\u00e1 compartir en familia o con sus amigos de distintas variedades\u00a0Gastron\u00f3micas, y hacer que su estad\u00eda sea aun m\u00e1s placentera. Nuestra Carta tiene a elecci\u00f3n:<\/p>\n<p>&#8211; Platos Principales<br \/>\n&#8211; Pastas<br \/>\n&#8211;\u00a0Sandwiches y Pizzas<br \/>\n&#8211; Picadas<br \/>\n&#8211; Ensaladas<br \/>\n&#8211; Postres<br \/>\n&#8211; Bebidas,\u00a0Vinos Tintos,\u00a0Vinos Blancos,\u00a0\u00a0Espumantes, Whiskeys, Tragos<br \/>\n&#8211; Desayunos y Cafeter\u00eda<\/p>\n","protected":false},"excerpt":{"rendered":"<p>Contamos con \u00abMartina Resto Bar\u00bb, un amplio y\u00a0c\u00f3modo\u00a0lugar donde usted podr\u00e1 compartir en familia o con sus amigos de distintas variedades\u00a0Gastron\u00f3micas, y hacer que su estad\u00eda sea aun m\u00e1s placentera. Nuestra Carta tiene a elecci\u00f3n: &#8211; Platos Principales &#8211; Pastas &#8211;\u00a0Sandwiches y Pizzas &#8211; Picadas &#8211; Ensaladas &#8211; Postres &#8211; Bebidas,\u00a0Vinos Tintos,\u00a0Vinos Blancos,\u00a0\u00a0Espumantes, Whiskeys, Tragos [&hellip;]<\/p>\n","protected":false},"author":1,"featured_media":0,"parent":0,"menu_order":0,"comment_status":"open","ping_status":"open","template":"","meta":{"footnotes":""},"class_list":["post-880","page","type-page","status-publish","hentry"],"_links":{"self":[{"href":"http:\/\/www.laposadadelosgnomos.com.ar\/laposada\/wp-json\/wp\/v2\/pages\/880"}],"collection":[{"href":"http:\/\/www.laposadadelosgnomos.com.ar\/laposada\/wp-json\/wp\/v2\/pages"}],"about":[{"href":"http:\/\/www.laposadadelosgnomos.com.ar\/laposada\/wp-json\/wp\/v2\/types\/page"}],"author":[{"embeddable":true,"href":"http:\/\/www.laposadadelosgnomos.com.ar\/laposada\/wp-json\/wp\/v2\/users\/1"}],"replies":[{"embeddable":true,"href":"http:\/\/www.laposadadelosgnomos.com.ar\/laposada\/wp-json\/wp\/v2\/comments?post=880"}],"version-history":[{"count":13,"href":"http:\/\/www.laposadadelosgnomos.com.ar\/laposada\/wp-json\/wp\/v2\/pages\/880\/revisions"}],"predecessor-version":[{"id":1089,"href":"http:\/\/www.laposadadelosgnomos.com.ar\/laposada\/wp-json\/wp\/v2\/pages\/880\/revisions\/1089"}],"wp:attachment":[{"href":"http:\/\/www.laposadadelosgnomos.com.ar\/laposada\/wp-json\/wp\/v2\/media?parent=880"}],"curies":[{"name":"wp","href":"https:\/\/api.w.org\/{rel}","templated":true}]}}